{"id":983,"date":"2024-05-14T05:37:47","date_gmt":"2024-05-14T05:37:47","guid":{"rendered":"https:\/\/osteomed.mx\/ciao\/?page_id=983"},"modified":"2024-05-15T03:53:45","modified_gmt":"2024-05-15T03:53:45","slug":"osteoartritis-de-rodilla-para-pacientes-con-obesidad-y-sin-diabetes-mellitus-tipo-2-con-imc-mayor-a-35","status":"publish","type":"page","link":"https:\/\/osteomed.mx\/ciao\/index.php\/osteoartritis-de-rodilla-para-pacientes-con-obesidad-y-sin-diabetes-mellitus-tipo-2-con-imc-mayor-a-35\/","title":{"rendered":"Osteoartritis de Rodilla para pacientes con Obesidad y sin Diabetes Mellitus, con IMC mayor a 35"},"content":{"rendered":"<p>[et_pb_section fb_built=&#8221;1&#8243; custom_padding_last_edited=&#8221;on|phone&#8221; _builder_version=&#8221;4.14.6&#8243; _module_preset=&#8221;1cd18ffa-e424-4e8e-bd35-c5cc19fcb75d&#8221; background_color=&#8221;RGBA(255,255,255,0)&#8221; background_enable_image=&#8221;off&#8221; custom_margin=&#8221;0px||0px||false|false&#8221; custom_padding=&#8221;0px||||false|false&#8221; custom_padding_tablet=&#8221;||0px||false|false&#8221; custom_padding_phone=&#8221;||0px||false|false&#8221; animation_style=&#8221;zoom&#8221; animation_intensity_zoom=&#8221;30%&#8221; global_module=&#8221;396&#8243; saved_tabs=&#8221;all&#8221; global_colors_info=&#8221;{}&#8221;][et_pb_row custom_padding_last_edited=&#8221;on|phone&#8221; _builder_version=&#8221;4.16&#8243; _module_preset=&#8221;e1be6909-7dc2-4e91-a232-4a9d6659d8c8&#8243; width_tablet=&#8221;&#8221; width_phone=&#8221;96%&#8221; width_last_edited=&#8221;on|phone&#8221; custom_margin=&#8221;||||false|false&#8221; custom_padding=&#8221;||0px||false|false&#8221; custom_padding_tablet=&#8221;10px||0px||false|false&#8221; custom_padding_phone=&#8221;0px||0px||false|false&#8221; global_colors_info=&#8221;{}&#8221;][et_pb_column type=&#8221;4_4&#8243; _builder_version=&#8221;4.16&#8243; _module_preset=&#8221;default&#8221; global_colors_info=&#8221;{}&#8221;][et_pb_text _builder_version=&#8221;4.16&#8243; _module_preset=&#8221;01ed805b-8804-40ae-8616-443e11192499&#8243; header_text_color_tablet=&#8221;&#8221; header_text_color_phone=&#8221;&#8221; header_text_color_last_edited=&#8221;on|tablet&#8221; header_font_size_tablet=&#8221;&#8221; header_font_size_phone=&#8221;40px&#8221; header_font_size_last_edited=&#8221;on|tablet&#8221; global_colors_info=&#8221;{}&#8221;]<\/p>\n<h1>Investigaci\u00f3n<\/h1>\n<p>[\/et_pb_text][\/et_pb_column][\/et_pb_row][\/et_pb_section][et_pb_section fb_built=&#8221;1&#8243; custom_padding_last_edited=&#8221;on|phone&#8221; _builder_version=&#8221;4.16&#8243; _module_preset=&#8221;default&#8221; custom_margin_tablet=&#8221;&#8221; custom_margin_phone=&#8221;&#8221; custom_margin_last_edited=&#8221;on|desktop&#8221; custom_padding=&#8221;30px||||false|false&#8221; custom_padding_tablet=&#8221;0px||||false|false&#8221; custom_padding_phone=&#8221;0px||||false|false&#8221; global_colors_info=&#8221;{}&#8221;][et_pb_row column_structure=&#8221;2_5,3_5&#8243; custom_padding_last_edited=&#8221;on|phone&#8221; _builder_version=&#8221;4.16&#8243; _module_preset=&#8221;default&#8221; width=&#8221;100%&#8221; width_tablet=&#8221;100%&#8221; width_phone=&#8221;92%&#8221; width_last_edited=&#8221;on|phone&#8221; max_width=&#8221;90%&#8221; custom_padding=&#8221;0px|100px|0px||false|false&#8221; custom_padding_tablet=&#8221;|0px|||false|false&#8221; custom_padding_phone=&#8221;0px|0px|0px||false|false&#8221; global_colors_info=&#8221;{}&#8221;][et_pb_column type=&#8221;2_5&#8243; _builder_version=&#8221;4.16&#8243; _module_preset=&#8221;default&#8221; global_colors_info=&#8221;{}&#8221;][et_pb_image src=&#8221;https:\/\/osteomed.mx\/ciao\/wp-content\/uploads\/2024\/05\/osteoartritis-de-rodilla-con-obesidad-y-sin-diabetes.jpg&#8221; title_text=&#8221;osteoartritis-de-rodilla-con-obesidad-y-sin-diabetes&#8221; align=&#8221;right&#8221; align_tablet=&#8221;center&#8221; align_phone=&#8221;center&#8221; align_last_edited=&#8221;on|tablet&#8221; _builder_version=&#8221;4.16&#8243; _module_preset=&#8221;default&#8221; global_colors_info=&#8221;{}&#8221;][\/et_pb_image][\/et_pb_column][et_pb_column type=&#8221;3_5&#8243; _builder_version=&#8221;4.16&#8243; _module_preset=&#8221;default&#8221; global_colors_info=&#8221;{}&#8221;][et_pb_text _builder_version=&#8221;4.16&#8243; _module_preset=&#8221;28d769e3-6235-4fbb-bf30-2a1d394bf924&#8243; header_2_text_align=&#8221;left&#8221; header_2_line_height=&#8221;1.6em&#8221; global_colors_info=&#8221;{}&#8221;]<\/p>\n<h2>Osteoartritis de Rodilla para pacientes con Obesidad y sin Diabetes Mellitus, con IMC mayor a 35<\/h2>\n<p>La Osteoartritis es la forma m\u00e1s com\u00fan de artritis y consiste en el desgaste del cart\u00edlago que envuelve los huesos en las articulaciones. Este desgaste ocurre con el tiempo y afecta principalmente a las personas mayores.<\/p>\n<p><strong>Objetivo del Estudio:<\/strong><\/p>\n<p>Control de la obesidad, con reducci\u00f3n en el peso corporal, que facilita el control de la osteoartritis de rodilla, hipertensi\u00f3n arterial, el perfil de l\u00edpidos en sangre, el nivel de glucosa en sangre y reducci\u00f3n de dosis en los medicamentos.<\/p>\n<p><strong>Este Estudio de Investigaci\u00f3n es sin ning\u00fan costo para el paciente.<\/strong><\/p>\n<p>Incluye atenci\u00f3n y seguimiento por m\u00e9dico Endocrin\u00f3logo, Nutri\u00f3logo, Enfermer\u00eda, adem\u00e1s de los An\u00e1lisis de Laboratorio correspondientes.<\/p>\n<p><strong>Deber\u00e1s cumplir con los siguientes criterios:<\/strong><\/p>\n<ul>\n<li><span><\/span>Hombres y Mujeres mayores de 50 a\u00f1os.<\/li>\n<li><span><\/span>Tener Obesidad Grado 2.<\/li>\n<li><span><\/span>Tener un \u00cdndice de Masa Corporal (IMC) mayor a 35.<\/li>\n<li><span><\/span>Rigidez matinal en la rodilla de menos de 30 minutos de duraci\u00f3n.<\/li>\n<li>Crepitaci\u00f3n en la rodilla.<\/li>\n<\/ul>\n<ul><\/ul>\n<p>[\/et_pb_text][et_pb_text _builder_version=&#8221;4.16&#8243; _module_preset=&#8221;1710e767-09be-4b0c-99f1-726d992401a8&#8243; link_font=&#8221;|700|||||||&#8221; link_text_color=&#8221;#008cb7&#8243; use_background_color_gradient=&#8221;on&#8221; background_color_gradient_stops=&#8221;#008cb7 0%|#00546e 100%&#8221; background_color_gradient_start=&#8221;#008cb7&#8243; background_color_gradient_end=&#8221;#00546e&#8221; custom_padding=&#8221;20px|20px|20px|20px|false|false&#8221; link_option_url=&#8221;#contacto&#8221; background_color_gradient_stops_tablet=&#8221;#008cb7 0%|#00546e 100%&#8221; background_color_gradient_stops_phone=&#8221;#008cb7 0%|#00546e 100%&#8221; global_module=&#8221;440&#8243; saved_tabs=&#8221;all&#8221; locked=&#8221;off&#8221; global_colors_info=&#8221;{}&#8221;]<\/p>\n<p><strong>Si usted est\u00e1 interesado en participar, conteste el siguiente cuestionario y si califica, nos pondremos en contacto con usted para agendar sin costo, una cita de valoraci\u00f3n m\u00e9dica.<\/strong><\/p>\n<p>[\/et_pb_text][et_pb_button button_url=&#8221;https:\/\/docs.google.com\/forms\/d\/1w2f08aQmoowjSEGRcYBKBWXfOGiI06rFd5lp_k5BntA\/edit&#8221; url_new_window=&#8221;on&#8221; button_text=&#8221;Acceso al Cuestionario&#8221; _builder_version=&#8221;4.14.6&#8243; _module_preset=&#8221;default&#8221; custom_button=&#8221;on&#8221; button_text_color=&#8221;#FFFFFF&#8221; button_bg_color=&#8221;#00c412&#8243; button_border_color=&#8221;#007CA2&#8243; global_module=&#8221;905&#8243; saved_tabs=&#8221;all&#8221; global_colors_info=&#8221;{}&#8221;][\/et_pb_button][\/et_pb_column][\/et_pb_row][\/et_pb_section]<\/p>\n","protected":false},"excerpt":{"rendered":"<p>Investigaci\u00f3nOsteoartritis de Rodilla para pacientes con Obesidad y sin Diabetes Mellitus, con IMC mayor a 35 La Osteoartritis es la forma m\u00e1s com\u00fan de artritis y consiste en el desgaste del cart\u00edlago que envuelve los huesos en las articulaciones. Este desgaste ocurre con el tiempo y afecta principalmente a las personas mayores. Objetivo del Estudio: [&hellip;]<\/p>\n","protected":false},"author":2,"featured_media":0,"parent":0,"menu_order":0,"comment_status":"closed","ping_status":"closed","template":"","meta":{"_et_pb_use_builder":"on","_et_pb_old_content":"","_et_gb_content_width":"","footnotes":""},"class_list":["post-983","page","type-page","status-publish","hentry"],"_links":{"self":[{"href":"https:\/\/osteomed.mx\/ciao\/index.php\/wp-json\/wp\/v2\/pages\/983","targetHints":{"allow":["GET"]}}],"collection":[{"href":"https:\/\/osteomed.mx\/ciao\/index.php\/wp-json\/wp\/v2\/pages"}],"about":[{"href":"https:\/\/osteomed.mx\/ciao\/index.php\/wp-json\/wp\/v2\/types\/page"}],"author":[{"embeddable":true,"href":"https:\/\/osteomed.mx\/ciao\/index.php\/wp-json\/wp\/v2\/users\/2"}],"replies":[{"embeddable":true,"href":"https:\/\/osteomed.mx\/ciao\/index.php\/wp-json\/wp\/v2\/comments?post=983"}],"version-history":[{"count":11,"href":"https:\/\/osteomed.mx\/ciao\/index.php\/wp-json\/wp\/v2\/pages\/983\/revisions"}],"predecessor-version":[{"id":1048,"href":"https:\/\/osteomed.mx\/ciao\/index.php\/wp-json\/wp\/v2\/pages\/983\/revisions\/1048"}],"wp:attachment":[{"href":"https:\/\/osteomed.mx\/ciao\/index.php\/wp-json\/wp\/v2\/media?parent=983"}],"curies":[{"name":"wp","href":"https:\/\/api.w.org\/{rel}","templated":true}]}}