{"id":609,"date":"2022-01-26T07:08:27","date_gmt":"2022-01-26T07:08:27","guid":{"rendered":"https:\/\/osteomed.mx\/ciao\/?page_id=609"},"modified":"2022-06-28T23:23:06","modified_gmt":"2022-06-28T23:23:06","slug":"contacto","status":"publish","type":"page","link":"https:\/\/osteomed.mx\/ciao\/index.php\/contacto\/","title":{"rendered":"Contacto"},"content":{"rendered":"<p>[et_pb_section fb_built=&#8221;1&#8243; custom_padding_last_edited=&#8221;on|phone&#8221; _builder_version=&#8221;4.14.6&#8243; _module_preset=&#8221;1cd18ffa-e424-4e8e-bd35-c5cc19fcb75d&#8221; background_color=&#8221;RGBA(255,255,255,0)&#8221; background_enable_image=&#8221;off&#8221; custom_margin=&#8221;0px||0px||false|false&#8221; custom_padding=&#8221;0px||||false|false&#8221; custom_padding_tablet=&#8221;||0px||false|false&#8221; custom_padding_phone=&#8221;||0px||false|false&#8221; animation_style=&#8221;zoom&#8221; animation_intensity_zoom=&#8221;30%&#8221; saved_tabs=&#8221;all&#8221; global_colors_info=&#8221;{}&#8221;][et_pb_row custom_padding_last_edited=&#8221;on|phone&#8221; _builder_version=&#8221;4.14.6&#8243; _module_preset=&#8221;e1be6909-7dc2-4e91-a232-4a9d6659d8c8&#8243; width_tablet=&#8221;&#8221; width_phone=&#8221;96%&#8221; width_last_edited=&#8221;on|phone&#8221; custom_margin=&#8221;||||false|false&#8221; custom_padding=&#8221;||0px||false|false&#8221; custom_padding_tablet=&#8221;&#8221; custom_padding_phone=&#8221;0px||0px||false|false&#8221; global_colors_info=&#8221;{}&#8221;][et_pb_column type=&#8221;4_4&#8243; _builder_version=&#8221;4.11.3&#8243; _module_preset=&#8221;default&#8221; global_colors_info=&#8221;{}&#8221;][et_pb_text _builder_version=&#8221;4.14.6&#8243; _module_preset=&#8221;01ed805b-8804-40ae-8616-443e11192499&#8243; global_colors_info=&#8221;{}&#8221;]<\/p>\n<h1>Contacto<\/h1>\n<p>[\/et_pb_text][\/et_pb_column][\/et_pb_row][\/et_pb_section][et_pb_section fb_built=&#8221;1&#8243; custom_padding_last_edited=&#8221;on|phone&#8221; _builder_version=&#8221;4.14.6&#8243; _module_preset=&#8221;default&#8221; custom_margin_tablet=&#8221;&#8221; custom_margin_phone=&#8221;&#8221; custom_margin_last_edited=&#8221;on|desktop&#8221; custom_padding=&#8221;30px||||false|false&#8221; custom_padding_tablet=&#8221;0px||||false|false&#8221; custom_padding_phone=&#8221;0px||||false|false&#8221; global_colors_info=&#8221;{}&#8221;][et_pb_row column_structure=&#8221;1_3,1_3,1_3&#8243; custom_padding_last_edited=&#8221;on|phone&#8221; _builder_version=&#8221;4.14.6&#8243; _module_preset=&#8221;default&#8221; width_tablet=&#8221;100%&#8221; width_phone=&#8221;92%&#8221; width_last_edited=&#8221;on|phone&#8221; custom_padding=&#8221;0px||0px||false|false&#8221; custom_padding_tablet=&#8221;|0px|||false|false&#8221; custom_padding_phone=&#8221;0px|0px|0px||false|false&#8221; global_colors_info=&#8221;{}&#8221;][et_pb_column type=&#8221;1_3&#8243; _builder_version=&#8221;4.14.6&#8243; _module_preset=&#8221;default&#8221; global_colors_info=&#8221;{}&#8221;][et_pb_text _builder_version=&#8221;4.14.6&#8243; _module_preset=&#8221;26bf8b93-93d0-43c1-b76e-c64c57987ba5&#8243; global_colors_info=&#8221;{}&#8221;]<\/p>\n<h2>Direcci\u00f3n<\/h2>\n<p>Calzada de las Am\u00e9ricas #430<br \/>Col. Cuauht\u00e9moc Sur<br \/>Mexicali, B.C.<\/p>\n<p>&nbsp;<\/p>\n<p>[\/et_pb_text][\/et_pb_column][et_pb_column type=&#8221;1_3&#8243; _builder_version=&#8221;4.14.6&#8243; _module_preset=&#8221;default&#8221; global_colors_info=&#8221;{}&#8221;][et_pb_text _builder_version=&#8221;4.14.6&#8243; _module_preset=&#8221;26bf8b93-93d0-43c1-b76e-c64c57987ba5&#8243; hover_enabled=&#8221;0&#8243; global_colors_info=&#8221;{}&#8221; sticky_enabled=&#8221;0&#8243;]<\/p>\n<h2>Whatsapp<\/h2>\n<p>686 228 6887<\/p>\n<p>[\/et_pb_text][et_pb_text _builder_version=&#8221;4.14.6&#8243; _module_preset=&#8221;26bf8b93-93d0-43c1-b76e-c64c57987ba5&#8243; global_colors_info=&#8221;{}&#8221;]<\/p>\n<h2>Tel\u00e9fonos<\/h2>\n<p>686 553 41 21<br \/>686 555 67 02<br \/>686 565 30 93<\/p>\n<p>&nbsp;<\/p>\n<p>[\/et_pb_text][\/et_pb_column][et_pb_column type=&#8221;1_3&#8243; _builder_version=&#8221;4.14.6&#8243; _module_preset=&#8221;default&#8221; global_colors_info=&#8221;{}&#8221;][et_pb_text _builder_version=&#8221;4.14.6&#8243; _module_preset=&#8221;26bf8b93-93d0-43c1-b76e-c64c57987ba5&#8243; link_option_url=&#8221;mailto:contacto@osteomed.mx&#8221; global_colors_info=&#8221;{}&#8221;]<\/p>\n<h2>Correo Electr\u00f3nico<\/h2>\n<p>contacto@osteomed.mx<\/p>\n<p>&nbsp;<\/p>\n<p>[\/et_pb_text][\/et_pb_column][\/et_pb_row][\/et_pb_section][et_pb_section fb_built=&#8221;1&#8243; fullwidth=&#8221;on&#8221; _builder_version=&#8221;4.14.6&#8243; _module_preset=&#8221;default&#8221; global_colors_info=&#8221;{}&#8221;][et_pb_fullwidth_map address=&#8221;MH74+3V Mexicali, Baja California, Mexico&#8221; zoom_level=&#8221;15&#8243; address_lat=&#8221;32.6626875&#8243; address_lng=&#8221;-115.4428125&#8243; _builder_version=&#8221;4.14.6&#8243; _module_preset=&#8221;default&#8221; global_colors_info=&#8221;{}&#8221;][et_pb_map_pin pin_address=&#8221;Calz de las Americas 430, Cuauht\u00e9moc Sur, 21200 Mexicali, B.C., Mexico&#8221; pin_address_lat=&#8221;32.6625709&#8243; pin_address_lng=&#8221;-115.4427901&#8243; _builder_version=&#8221;4.14.6&#8243; _module_preset=&#8221;default&#8221; global_colors_info=&#8221;{}&#8221;][\/et_pb_map_pin][\/et_pb_fullwidth_map][\/et_pb_section]<\/p>\n","protected":false},"excerpt":{"rendered":"<p>ContactoDirecci\u00f3n Calzada de las Am\u00e9ricas #430Col. Cuauht\u00e9moc SurMexicali, B.C. &nbsp;Whatsapp 686 228 6887Tel\u00e9fonos 686 553 41 21686 555 67 02686 565 30 93 &nbsp;Correo Electr\u00f3nico contacto@osteomed.mx &nbsp;<\/p>\n","protected":false},"author":1,"featured_media":0,"parent":0,"menu_order":0,"comment_status":"closed","ping_status":"closed","template":"","meta":{"_et_pb_use_builder":"on","_et_pb_old_content":"","_et_gb_content_width":"","footnotes":""},"class_list":["post-609","page","type-page","status-publish","hentry"],"_links":{"self":[{"href":"https:\/\/osteomed.mx\/ciao\/index.php\/wp-json\/wp\/v2\/pages\/609","targetHints":{"allow":["GET"]}}],"collection":[{"href":"https:\/\/osteomed.mx\/ciao\/index.php\/wp-json\/wp\/v2\/pages"}],"about":[{"href":"https:\/\/osteomed.mx\/ciao\/index.php\/wp-json\/wp\/v2\/types\/page"}],"author":[{"embeddable":true,"href":"https:\/\/osteomed.mx\/ciao\/index.php\/wp-json\/wp\/v2\/users\/1"}],"replies":[{"embeddable":true,"href":"https:\/\/osteomed.mx\/ciao\/index.php\/wp-json\/wp\/v2\/comments?post=609"}],"version-history":[{"count":10,"href":"https:\/\/osteomed.mx\/ciao\/index.php\/wp-json\/wp\/v2\/pages\/609\/revisions"}],"predecessor-version":[{"id":717,"href":"https:\/\/osteomed.mx\/ciao\/index.php\/wp-json\/wp\/v2\/pages\/609\/revisions\/717"}],"wp:attachment":[{"href":"https:\/\/osteomed.mx\/ciao\/index.php\/wp-json\/wp\/v2\/media?parent=609"}],"curies":[{"name":"wp","href":"https:\/\/api.w.org\/{rel}","templated":true}]}}