{"id":398,"date":"2022-01-24T08:12:44","date_gmt":"2022-01-24T08:12:44","guid":{"rendered":"https:\/\/osteomed.mx\/ciao\/?page_id=398"},"modified":"2022-02-02T02:28:35","modified_gmt":"2022-02-02T02:28:35","slug":"sindrome-sjogren","status":"publish","type":"page","link":"https:\/\/osteomed.mx\/ciao\/index.php\/sindrome-sjogren\/","title":{"rendered":"S\u00edndrome Sjogren"},"content":{"rendered":"<p>[et_pb_section fb_built=&#8221;1&#8243; custom_padding_last_edited=&#8221;on|phone&#8221; _builder_version=&#8221;4.14.6&#8243; _module_preset=&#8221;1cd18ffa-e424-4e8e-bd35-c5cc19fcb75d&#8221; background_color=&#8221;RGBA(255,255,255,0)&#8221; background_enable_image=&#8221;off&#8221; custom_margin=&#8221;0px||0px||false|false&#8221; custom_padding=&#8221;0px||||false|false&#8221; custom_padding_tablet=&#8221;||0px||false|false&#8221; custom_padding_phone=&#8221;||0px||false|false&#8221; animation_style=&#8221;zoom&#8221; animation_intensity_zoom=&#8221;30%&#8221; global_module=&#8221;396&#8243; saved_tabs=&#8221;all&#8221; global_colors_info=&#8221;{}&#8221;][et_pb_row custom_padding_last_edited=&#8221;on|phone&#8221; _builder_version=&#8221;4.14.6&#8243; _module_preset=&#8221;e1be6909-7dc2-4e91-a232-4a9d6659d8c8&#8243; width_tablet=&#8221;&#8221; width_phone=&#8221;96%&#8221; width_last_edited=&#8221;on|phone&#8221; custom_margin=&#8221;||||false|false&#8221; custom_padding=&#8221;||0px||false|false&#8221; custom_padding_tablet=&#8221;10px||0px||false|false&#8221; custom_padding_phone=&#8221;0px||0px||false|false&#8221; global_colors_info=&#8221;{}&#8221;][et_pb_column type=&#8221;4_4&#8243; _builder_version=&#8221;4.11.3&#8243; _module_preset=&#8221;default&#8221; global_colors_info=&#8221;{}&#8221;][et_pb_text _builder_version=&#8221;4.14.6&#8243; _module_preset=&#8221;01ed805b-8804-40ae-8616-443e11192499&#8243; header_text_color_tablet=&#8221;&#8221; header_text_color_phone=&#8221;&#8221; header_text_color_last_edited=&#8221;on|tablet&#8221; header_font_size_tablet=&#8221;&#8221; header_font_size_phone=&#8221;40px&#8221; header_font_size_last_edited=&#8221;on|tablet&#8221; global_colors_info=&#8221;{}&#8221;]<\/p>\n<h1>Investigaci\u00f3n<\/h1>\n<p>[\/et_pb_text][\/et_pb_column][\/et_pb_row][\/et_pb_section][et_pb_section fb_built=&#8221;1&#8243; custom_padding_last_edited=&#8221;on|phone&#8221; _builder_version=&#8221;4.14.6&#8243; _module_preset=&#8221;default&#8221; custom_margin_tablet=&#8221;&#8221; custom_margin_phone=&#8221;&#8221; custom_margin_last_edited=&#8221;on|desktop&#8221; custom_padding=&#8221;||||false|false&#8221; custom_padding_tablet=&#8221;0px||||false|false&#8221; custom_padding_phone=&#8221;0px||||false|false&#8221; global_colors_info=&#8221;{}&#8221;][et_pb_row column_structure=&#8221;2_5,3_5&#8243; custom_padding_last_edited=&#8221;on|phone&#8221; _builder_version=&#8221;4.14.6&#8243; _module_preset=&#8221;default&#8221; width=&#8221;100%&#8221; width_tablet=&#8221;100%&#8221; width_phone=&#8221;92%&#8221; width_last_edited=&#8221;on|phone&#8221; max_width=&#8221;90%&#8221; custom_padding=&#8221;0px|100px|0px||false|false&#8221; custom_padding_tablet=&#8221;|0px|||false|false&#8221; custom_padding_phone=&#8221;0px|0px|0px||false|false&#8221; global_colors_info=&#8221;{}&#8221;][et_pb_column type=&#8221;2_5&#8243; _builder_version=&#8221;4.14.6&#8243; _module_preset=&#8221;default&#8221; global_colors_info=&#8221;{}&#8221;][et_pb_image src=&#8221;https:\/\/osteomed.mx\/ciao\/wp-content\/uploads\/contenido\/sjogren-1.jpg&#8221; title_text=&#8221;sjogren-1&#8243; align=&#8221;right&#8221; align_tablet=&#8221;center&#8221; align_phone=&#8221;center&#8221; align_last_edited=&#8221;on|tablet&#8221; _builder_version=&#8221;4.14.6&#8243; _module_preset=&#8221;default&#8221; global_colors_info=&#8221;{}&#8221;][\/et_pb_image][\/et_pb_column][et_pb_column type=&#8221;3_5&#8243; _builder_version=&#8221;4.14.6&#8243; _module_preset=&#8221;default&#8221; global_colors_info=&#8221;{}&#8221;][et_pb_text _builder_version=&#8221;4.14.6&#8243; _module_preset=&#8221;28d769e3-6235-4fbb-bf30-2a1d394bf924&#8243; hover_enabled=&#8221;0&#8243; global_colors_info=&#8221;{}&#8221; sticky_enabled=&#8221;0&#8243;]<\/p>\n<h5><strong>S\u00edndrome de Sj\u00f6gren<\/strong><\/h5>\n<p>Trastorno del sistema inmunol\u00f3gico caracterizado por la sequedad de los ojos y la boca.<\/p>\n<p>En esta enfermedad, el sistema inmunol\u00f3gico del cuerpo ataca a sus propias c\u00e9lulas saludables que producen saliva y l\u00e1grimas. El s\u00edndrome de Sj\u00f6gren suele ocurrir junto con otros trastornos, como la artritis reumatoide y el lupus.<a href=\"#contacto\"><\/a><\/p>\n<p>[\/et_pb_text][et_pb_text _builder_version=&#8221;4.14.6&#8243; _module_preset=&#8221;1710e767-09be-4b0c-99f1-726d992401a8&#8243; link_font=&#8221;|700|||||||&#8221; link_text_color=&#8221;#008cb7&#8243; use_background_color_gradient=&#8221;on&#8221; background_color_gradient_start=&#8221;#008cb7&#8243; background_color_gradient_end=&#8221;#00546e&#8221; custom_padding=&#8221;20px|20px|20px|20px|false|false&#8221; link_option_url=&#8221;#contacto&#8221; global_module=&#8221;440&#8243; saved_tabs=&#8221;all&#8221; global_colors_info=&#8221;{}&#8221;]<\/p>\n<p>En el CIAO ofrecemos una alternativa para esta enfermedad. Si est\u00e1s interesado, puedes responder el siguiente cuestionario:<\/p>\n<p>[\/et_pb_text][\/et_pb_column][\/et_pb_row][\/et_pb_section]<\/p>\n","protected":false},"excerpt":{"rendered":"<p>Investigaci\u00f3nS\u00edndrome de Sj\u00f6gren Trastorno del sistema inmunol\u00f3gico caracterizado por la sequedad de los ojos y la boca. En esta enfermedad, el sistema inmunol\u00f3gico del cuerpo ataca a sus propias c\u00e9lulas saludables que producen saliva y l\u00e1grimas. El s\u00edndrome de Sj\u00f6gren suele ocurrir junto con otros trastornos, como la artritis reumatoide y el lupus.En el CIAO [&hellip;]<\/p>\n","protected":false},"author":1,"featured_media":0,"parent":0,"menu_order":0,"comment_status":"closed","ping_status":"closed","template":"","meta":{"_et_pb_use_builder":"on","_et_pb_old_content":"","_et_gb_content_width":"","footnotes":""},"class_list":["post-398","page","type-page","status-publish","hentry"],"_links":{"self":[{"href":"https:\/\/osteomed.mx\/ciao\/index.php\/wp-json\/wp\/v2\/pages\/398","targetHints":{"allow":["GET"]}}],"collection":[{"href":"https:\/\/osteomed.mx\/ciao\/index.php\/wp-json\/wp\/v2\/pages"}],"about":[{"href":"https:\/\/osteomed.mx\/ciao\/index.php\/wp-json\/wp\/v2\/types\/page"}],"author":[{"embeddable":true,"href":"https:\/\/osteomed.mx\/ciao\/index.php\/wp-json\/wp\/v2\/users\/1"}],"replies":[{"embeddable":true,"href":"https:\/\/osteomed.mx\/ciao\/index.php\/wp-json\/wp\/v2\/comments?post=398"}],"version-history":[{"count":25,"href":"https:\/\/osteomed.mx\/ciao\/index.php\/wp-json\/wp\/v2\/pages\/398\/revisions"}],"predecessor-version":[{"id":675,"href":"https:\/\/osteomed.mx\/ciao\/index.php\/wp-json\/wp\/v2\/pages\/398\/revisions\/675"}],"wp:attachment":[{"href":"https:\/\/osteomed.mx\/ciao\/index.php\/wp-json\/wp\/v2\/media?parent=398"}],"curies":[{"name":"wp","href":"https:\/\/api.w.org\/{rel}","templated":true}]}}