{"id":377,"date":"2022-01-24T08:01:05","date_gmt":"2022-01-24T08:01:05","guid":{"rendered":"https:\/\/osteomed.mx\/ciao\/?page_id=377"},"modified":"2022-01-28T01:47:10","modified_gmt":"2022-01-28T01:47:10","slug":"investigacion","status":"publish","type":"page","link":"https:\/\/osteomed.mx\/ciao\/index.php\/investigacion\/","title":{"rendered":"Investigaci\u00f3n"},"content":{"rendered":"<p>[et_pb_section fb_built=&#8221;1&#8243; custom_padding_last_edited=&#8221;on|phone&#8221; _builder_version=&#8221;4.14.6&#8243; _module_preset=&#8221;1cd18ffa-e424-4e8e-bd35-c5cc19fcb75d&#8221; background_color=&#8221;RGBA(255,255,255,0)&#8221; background_enable_image=&#8221;off&#8221; custom_margin=&#8221;0px||0px||false|false&#8221; custom_padding=&#8221;0px||||false|false&#8221; custom_padding_tablet=&#8221;||0px||false|false&#8221; custom_padding_phone=&#8221;||0px||false|false&#8221; animation_style=&#8221;zoom&#8221; animation_intensity_zoom=&#8221;30%&#8221; hover_enabled=&#8221;0&#8243; global_module=&#8221;396&#8243; saved_tabs=&#8221;all&#8221; global_colors_info=&#8221;{}&#8221; sticky_enabled=&#8221;0&#8243;][et_pb_row custom_padding_last_edited=&#8221;on|phone&#8221; _builder_version=&#8221;4.14.6&#8243; _module_preset=&#8221;e1be6909-7dc2-4e91-a232-4a9d6659d8c8&#8243; width_tablet=&#8221;&#8221; width_phone=&#8221;96%&#8221; width_last_edited=&#8221;on|phone&#8221; custom_margin=&#8221;||||false|false&#8221; custom_padding=&#8221;||0px||false|false&#8221; custom_padding_tablet=&#8221;10px||0px||false|false&#8221; custom_padding_phone=&#8221;0px||0px||false|false&#8221; hover_enabled=&#8221;0&#8243; global_colors_info=&#8221;{}&#8221; sticky_enabled=&#8221;0&#8243;][et_pb_column type=&#8221;4_4&#8243; _builder_version=&#8221;4.11.3&#8243; _module_preset=&#8221;default&#8221; hover_enabled=&#8221;0&#8243; global_colors_info=&#8221;{}&#8221; sticky_enabled=&#8221;0&#8243;][et_pb_text _builder_version=&#8221;4.14.6&#8243; _module_preset=&#8221;01ed805b-8804-40ae-8616-443e11192499&#8243; hover_enabled=&#8221;0&#8243; global_colors_info=&#8221;{}&#8221; header_text_color_last_edited=&#8221;on|tablet&#8221; header_font_size_last_edited=&#8221;on|tablet&#8221; sticky_enabled=&#8221;0&#8243; header_font_size_phone=&#8221;40px&#8221;]<\/p>\n<h1>Investigaci\u00f3n<\/h1>\n<p>[\/et_pb_text][\/et_pb_column][\/et_pb_row][\/et_pb_section][et_pb_section fb_built=&#8221;1&#8243; _builder_version=&#8221;4.14.6&#8243; _module_preset=&#8221;default&#8221; custom_padding=&#8221;0px||0px||false|false&#8221; global_colors_info=&#8221;{}&#8221;][et_pb_row column_structure=&#8221;3_5,2_5&#8243; _builder_version=&#8221;4.14.6&#8243; _module_preset=&#8221;default&#8221; width=&#8221;100%&#8221; max_width=&#8221;1920px&#8221; custom_padding=&#8221;0px||0px||false|false&#8221; global_colors_info=&#8221;{}&#8221;][et_pb_column type=&#8221;3_5&#8243; _builder_version=&#8221;4.14.6&#8243; _module_preset=&#8221;default&#8221; global_colors_info=&#8221;{}&#8221;][et_pb_image src=&#8221;https:\/\/osteomed.mx\/ciao\/wp-content\/uploads\/investigacion\/investigacion-1.jpg&#8221; title_text=&#8221;investigacion-1&#8243; _builder_version=&#8221;4.14.6&#8243; _module_preset=&#8221;default&#8221; global_colors_info=&#8221;{}&#8221;][\/et_pb_image][\/et_pb_column][et_pb_column type=&#8221;2_5&#8243; _builder_version=&#8221;4.14.6&#8243; _module_preset=&#8221;default&#8221; global_colors_info=&#8221;{}&#8221;][et_pb_text _builder_version=&#8221;4.14.6&#8243; _module_preset=&#8221;77d11305-b6a8-44ad-9851-05a9db4e2d24&#8243; max_width=&#8221;92%&#8221; module_alignment=&#8221;center&#8221; custom_margin=&#8221;50px||||false|false&#8221; custom_margin_tablet=&#8221;0px||||false|false&#8221; custom_margin_phone=&#8221;0px||||false|false&#8221; custom_margin_last_edited=&#8221;on|tablet&#8221; global_colors_info=&#8221;{}&#8221;]<\/p>\n<h5>CIAO (Centro de Investigaci\u00f3n en Artritis y Osteoporosis)<\/h5>\n<p>Cuenta con la infraestructura, el equipo y el talento humano para llevar a cabo de manera eficaz el desarrollo y la conducci\u00f3n de Estudios Cl\u00ednicos en Fase II, III y IV.<\/p>\n<h5>\u00bfQu\u00e9 es un protocolo de investigaci\u00f3n?<\/h5>\n<p>Es una investigaci\u00f3n cient\u00edfica que prueba nuevos tratamientos de forma segura y eficaz para tratar enfermedades. El objetivo es probar si un f\u00e1rmaco o tratamiento es mejor que uno que ya se conoce y se encuentra en el mercado.M\u00e1s de un mill\u00f3n y medio de personas en todo el mundo participan cada a\u00f1o en alrededor de 80,000 ensayos cl\u00ednicos.<\/p>\n<p>[\/et_pb_text][\/et_pb_column][\/et_pb_row][\/et_pb_section][et_pb_section fb_built=&#8221;1&#8243; _builder_version=&#8221;4.14.6&#8243; _module_preset=&#8221;default&#8221; custom_padding=&#8221;||||false|false&#8221; global_module=&#8221;380&#8243; saved_tabs=&#8221;all&#8221; global_colors_info=&#8221;{}&#8221;][et_pb_row custom_padding_last_edited=&#8221;on|phone&#8221; _builder_version=&#8221;4.14.6&#8243; _module_preset=&#8221;default&#8221; width_tablet=&#8221;&#8221; width_phone=&#8221;96%&#8221; width_last_edited=&#8221;on|phone&#8221; custom_margin=&#8221;||0px||false|false&#8221; custom_margin_tablet=&#8221;&#8221; custom_margin_phone=&#8221;||0px||false|false&#8221; custom_margin_last_edited=&#8221;on|phone&#8221; custom_padding=&#8221;||||false|false&#8221; custom_padding_tablet=&#8221;||||false|false&#8221; custom_padding_phone=&#8221;||0px||false|false&#8221; global_colors_info=&#8221;{}&#8221;][et_pb_column type=&#8221;4_4&#8243; _builder_version=&#8221;4.11.3&#8243; _module_preset=&#8221;default&#8221; global_colors_info=&#8221;{}&#8221;][et_pb_text _builder_version=&#8221;4.14.6&#8243; _module_preset=&#8221;default&#8221; animation_style=&#8221;fade&#8221; global_colors_info=&#8221;{}&#8221;]<\/p>\n<h5>Estudios Cl\u00ednicos <span style=\"color: #000000;\">Activos<\/span><\/h5>\n<p>&nbsp;<\/p>\n<p>[\/et_pb_text][\/et_pb_column][\/et_pb_row][et_pb_row column_structure=&#8221;1_3,1_3,1_3&#8243; custom_padding_last_edited=&#8221;on|phone&#8221; _builder_version=&#8221;4.14.6&#8243; _module_preset=&#8221;default&#8221; width_tablet=&#8221;&#8221; width_phone=&#8221;96%&#8221; width_last_edited=&#8221;on|phone&#8221; custom_margin_tablet=&#8221;&#8221; custom_margin_phone=&#8221;0px||||false|false&#8221; custom_margin_last_edited=&#8221;on|phone&#8221; custom_padding=&#8221;0px||||false|false&#8221; custom_padding_tablet=&#8221;&#8221; custom_padding_phone=&#8221;0px||||false|false&#8221; global_colors_info=&#8221;{}&#8221;][et_pb_column type=&#8221;1_3&#8243; _builder_version=&#8221;4.14.6&#8243; _module_preset=&#8221;default&#8221; animation_style=&#8221;fold&#8221; animation_delay=&#8221;250ms&#8221; global_colors_info=&#8221;{}&#8221;][et_pb_blurb title=&#8221;S\u00edndrome de Sj\u00f6gren&#8221; image=&#8221;https:\/\/osteomed.mx\/ciao\/wp-content\/uploads\/portada\/icono-sjogren.png&#8221; _builder_version=&#8221;4.14.6&#8243; _dynamic_attributes=&#8221;link_option_url&#8221; _module_preset=&#8221;default&#8221; header_level=&#8221;h1&#8243; header_font=&#8221;|800|||||||&#8221; header_text_align=&#8221;center&#8221; header_text_color=&#8221;#000000&#8243; link_option_url=&#8221;@ET-DC@eyJkeW5hbWljIjp0cnVlLCJjb250ZW50IjoicG9zdF9saW5rX3VybF9wYWdlIiwic2V0dGluZ3MiOnsicG9zdF9pZCI6IjM5OCJ9fQ==@&#8221; global_colors_info=&#8221;{}&#8221;][\/et_pb_blurb][\/et_pb_column][et_pb_column type=&#8221;1_3&#8243; _builder_version=&#8221;4.14.6&#8243; _module_preset=&#8221;default&#8221; animation_style=&#8221;fold&#8221; animation_delay=&#8221;750ms&#8221; global_colors_info=&#8221;{}&#8221;][et_pb_blurb title=&#8221;Lupus Eritematoso Sist\u00e9mico&#8221; image=&#8221;https:\/\/osteomed.mx\/ciao\/wp-content\/uploads\/investigacion\/icono-lupus.png&#8221; _builder_version=&#8221;4.14.6&#8243; _dynamic_attributes=&#8221;link_option_url&#8221; _module_preset=&#8221;default&#8221; header_level=&#8221;h1&#8243; header_font=&#8221;|800|||||||&#8221; header_text_align=&#8221;center&#8221; header_text_color=&#8221;#000000&#8243; link_option_url=&#8221;@ET-DC@eyJkeW5hbWljIjp0cnVlLCJjb250ZW50IjoicG9zdF9saW5rX3VybF9wYWdlIiwic2V0dGluZ3MiOnsicG9zdF9pZCI6IjQ3NSJ9fQ==@&#8221; global_colors_info=&#8221;{}&#8221;][\/et_pb_blurb][\/et_pb_column][et_pb_column type=&#8221;1_3&#8243; _builder_version=&#8221;4.14.6&#8243; _module_preset=&#8221;default&#8221; animation_style=&#8221;fold&#8221; animation_delay=&#8221;1000ms&#8221; global_colors_info=&#8221;{}&#8221;][et_pb_blurb title=&#8221;Nefritis L\u00fapica&#8221; image=&#8221;https:\/\/osteomed.mx\/ciao\/wp-content\/uploads\/investigacion\/icono-nefritis.png&#8221; _builder_version=&#8221;4.14.6&#8243; _dynamic_attributes=&#8221;link_option_url&#8221; _module_preset=&#8221;default&#8221; header_level=&#8221;h1&#8243; header_font=&#8221;|800|||||||&#8221; header_text_align=&#8221;center&#8221; header_text_color=&#8221;#000000&#8243; link_option_url=&#8221;@ET-DC@eyJkeW5hbWljIjp0cnVlLCJjb250ZW50IjoicG9zdF9saW5rX3VybF9wYWdlIiwic2V0dGluZ3MiOnsicG9zdF9pZCI6IjQ2MiJ9fQ==@&#8221; global_colors_info=&#8221;{}&#8221;][\/et_pb_blurb][\/et_pb_column][\/et_pb_row][et_pb_row column_structure=&#8221;1_3,1_3,1_3&#8243; custom_padding_last_edited=&#8221;on|phone&#8221; _builder_version=&#8221;4.14.6&#8243; _module_preset=&#8221;default&#8221; width_tablet=&#8221;&#8221; width_phone=&#8221;96%&#8221; width_last_edited=&#8221;on|phone&#8221; custom_padding=&#8221;0px||||false|false&#8221; custom_padding_tablet=&#8221;&#8221; custom_padding_phone=&#8221;0px||||false|false&#8221; global_colors_info=&#8221;{}&#8221;][et_pb_column type=&#8221;1_3&#8243; _builder_version=&#8221;4.14.6&#8243; _module_preset=&#8221;default&#8221; animation_style=&#8221;flip&#8221; animation_delay=&#8221;250ms&#8221; global_colors_info=&#8221;{}&#8221;][et_pb_blurb title=&#8221;Enfermedad de Crohn&#8221; image=&#8221;https:\/\/osteomed.mx\/ciao\/wp-content\/uploads\/portada\/icono-crhon.png&#8221; _builder_version=&#8221;4.14.6&#8243; _dynamic_attributes=&#8221;link_option_url&#8221; _module_preset=&#8221;default&#8221; header_level=&#8221;h1&#8243; header_font=&#8221;|800|||||||&#8221; header_text_align=&#8221;center&#8221; header_text_color=&#8221;#000000&#8243; link_option_url=&#8221;@ET-DC@eyJkeW5hbWljIjp0cnVlLCJjb250ZW50IjoicG9zdF9saW5rX3VybF9wYWdlIiwic2V0dGluZ3MiOnsicG9zdF9pZCI6IjQ4OSJ9fQ==@&#8221; global_colors_info=&#8221;{}&#8221;][\/et_pb_blurb][\/et_pb_column][et_pb_column type=&#8221;1_3&#8243; _builder_version=&#8221;4.14.6&#8243; _module_preset=&#8221;default&#8221; animation_style=&#8221;flip&#8221; animation_delay=&#8221;500ms&#8221; global_colors_info=&#8221;{}&#8221;][et_pb_blurb title=&#8221;C\u00e1ncer de Mama&#8221; image=&#8221;https:\/\/osteomed.mx\/ciao\/wp-content\/uploads\/portada\/icono-cancermama.png&#8221; _builder_version=&#8221;4.14.6&#8243; _dynamic_attributes=&#8221;link_option_url&#8221; _module_preset=&#8221;default&#8221; header_level=&#8221;h1&#8243; header_font=&#8221;|800|||||||&#8221; header_text_align=&#8221;center&#8221; header_text_color=&#8221;#000000&#8243; link_option_url=&#8221;@ET-DC@eyJkeW5hbWljIjp0cnVlLCJjb250ZW50IjoicG9zdF9saW5rX3VybF9wYWdlIiwic2V0dGluZ3MiOnsicG9zdF9pZCI6IjQ5NiJ9fQ==@&#8221; global_colors_info=&#8221;{}&#8221;][\/et_pb_blurb][\/et_pb_column][et_pb_column type=&#8221;1_3&#8243; _builder_version=&#8221;4.14.6&#8243; _module_preset=&#8221;default&#8221; animation_style=&#8221;flip&#8221; animation_delay=&#8221;500ms&#8221; global_colors_info=&#8221;{}&#8221;][et_pb_blurb title=&#8221;Nefropat\u00eda por IgA (Enfermedad de Berger)&#8221; image=&#8221;https:\/\/osteomed.mx\/ciao\/wp-content\/uploads\/investigacion\/icono-nefropatia.png&#8221; _builder_version=&#8221;4.14.6&#8243; _dynamic_attributes=&#8221;link_option_url&#8221; _module_preset=&#8221;default&#8221; header_level=&#8221;h1&#8243; header_font=&#8221;|800|||||||&#8221; header_text_align=&#8221;center&#8221; header_text_color=&#8221;#000000&#8243; link_option_url=&#8221;@ET-DC@eyJkeW5hbWljIjp0cnVlLCJjb250ZW50IjoicG9zdF9saW5rX3VybF9wYWdlIiwic2V0dGluZ3MiOnsicG9zdF9pZCI6IjUxMyJ9fQ==@&#8221; global_colors_info=&#8221;{}&#8221;][\/et_pb_blurb][\/et_pb_column][\/et_pb_row][\/et_pb_section]<\/p>\n","protected":false},"excerpt":{"rendered":"<p>Investigaci\u00f3nCIAO (Centro de Investigaci\u00f3n en Artritis y Osteoporosis) Cuenta con la infraestructura, el equipo y el talento humano para llevar a cabo de manera eficaz el desarrollo y la conducci\u00f3n de Estudios Cl\u00ednicos en Fase II, III y IV. \u00bfQu\u00e9 es un protocolo de investigaci\u00f3n? Es una investigaci\u00f3n cient\u00edfica que prueba nuevos tratamientos de forma [&hellip;]<\/p>\n","protected":false},"author":1,"featured_media":0,"parent":0,"menu_order":0,"comment_status":"closed","ping_status":"closed","template":"","meta":{"_et_pb_use_builder":"on","_et_pb_old_content":"","_et_gb_content_width":"","footnotes":""},"class_list":["post-377","page","type-page","status-publish","hentry"],"_links":{"self":[{"href":"https:\/\/osteomed.mx\/ciao\/index.php\/wp-json\/wp\/v2\/pages\/377","targetHints":{"allow":["GET"]}}],"collection":[{"href":"https:\/\/osteomed.mx\/ciao\/index.php\/wp-json\/wp\/v2\/pages"}],"about":[{"href":"https:\/\/osteomed.mx\/ciao\/index.php\/wp-json\/wp\/v2\/types\/page"}],"author":[{"embeddable":true,"href":"https:\/\/osteomed.mx\/ciao\/index.php\/wp-json\/wp\/v2\/users\/1"}],"replies":[{"embeddable":true,"href":"https:\/\/osteomed.mx\/ciao\/index.php\/wp-json\/wp\/v2\/comments?post=377"}],"version-history":[{"count":20,"href":"https:\/\/osteomed.mx\/ciao\/index.php\/wp-json\/wp\/v2\/pages\/377\/revisions"}],"predecessor-version":[{"id":655,"href":"https:\/\/osteomed.mx\/ciao\/index.php\/wp-json\/wp\/v2\/pages\/377\/revisions\/655"}],"wp:attachment":[{"href":"https:\/\/osteomed.mx\/ciao\/index.php\/wp-json\/wp\/v2\/media?parent=377"}],"curies":[{"name":"wp","href":"https:\/\/api.w.org\/{rel}","templated":true}]}}