{"id":275,"date":"2022-01-23T03:17:47","date_gmt":"2022-01-23T03:17:47","guid":{"rendered":"https:\/\/osteomed.mx\/ciao\/?page_id=275"},"modified":"2024-05-14T07:39:07","modified_gmt":"2024-05-14T07:39:07","slug":"quienes-somos","status":"publish","type":"page","link":"https:\/\/osteomed.mx\/ciao\/index.php\/quienes-somos\/","title":{"rendered":"\u00bfQui\u00e9nes Somos?"},"content":{"rendered":"<p>[et_pb_section fb_built=&#8221;1&#8243; _builder_version=&#8221;4.14.6&#8243; _module_preset=&#8221;default&#8221; background_color=&#8221;RGBA(255,255,255,0)&#8221; background_enable_image=&#8221;off&#8221; custom_margin=&#8221;0px||0px||false|false&#8221; custom_padding=&#8221;0px||0px||false|false&#8221; animation_style=&#8221;zoom&#8221; animation_intensity_zoom=&#8221;30%&#8221; global_colors_info=&#8221;{}&#8221;][et_pb_row _builder_version=&#8221;4.14.6&#8243; _module_preset=&#8221;default&#8221; width_tablet=&#8221;&#8221; width_phone=&#8221;96%&#8221; width_last_edited=&#8221;on|phone&#8221; custom_margin=&#8221;||||false|false&#8221; custom_padding=&#8221;0px||0px||false|false&#8221; global_colors_info=&#8221;{}&#8221;][et_pb_column type=&#8221;4_4&#8243; _builder_version=&#8221;4.11.3&#8243; _module_preset=&#8221;default&#8221; global_colors_info=&#8221;{}&#8221;][et_pb_text _builder_version=&#8221;4.14.6&#8243; _module_preset=&#8221;01ed805b-8804-40ae-8616-443e11192499&#8243; global_colors_info=&#8221;{}&#8221;]<\/p>\n<h1>\u00bfQui\u00e9nes Somos?<\/h1>\n<p>[\/et_pb_text][\/et_pb_column][\/et_pb_row][\/et_pb_section][et_pb_section fb_built=&#8221;1&#8243; _builder_version=&#8221;4.14.6&#8243; _module_preset=&#8221;default&#8221; custom_padding=&#8221;0px||0px||false|false&#8221; global_colors_info=&#8221;{}&#8221;][et_pb_row column_structure=&#8221;1_2,1_2&#8243; custom_padding_last_edited=&#8221;on|tablet&#8221; _builder_version=&#8221;4.14.6&#8243; _module_preset=&#8221;default&#8221; width=&#8221;100%&#8221; width_tablet=&#8221;90%&#8221; width_phone=&#8221;90%&#8221; width_last_edited=&#8221;on|tablet&#8221; max_width=&#8221;1920px&#8221; custom_padding=&#8221;|250px|0px||false|false&#8221; custom_padding_tablet=&#8221;|0px|||false|false&#8221; custom_padding_phone=&#8221;0px|0px|0px||false|false&#8221; global_colors_info=&#8221;{}&#8221;][et_pb_column type=&#8221;1_2&#8243; _builder_version=&#8221;4.14.6&#8243; _module_preset=&#8221;default&#8221; global_colors_info=&#8221;{}&#8221;][et_pb_image src=&#8221;https:\/\/osteomed.mx\/ciao\/wp-content\/uploads\/2024\/05\/Foto-Quienes-Somos.jpg&#8221; title_text=&#8221;Foto Qui\u00e9nes Somos&#8221; _builder_version=&#8221;4.14.6&#8243; _module_preset=&#8221;default&#8221; hover_enabled=&#8221;0&#8243; global_colors_info=&#8221;{}&#8221; sticky_enabled=&#8221;0&#8243;][\/et_pb_image][\/et_pb_column][et_pb_column type=&#8221;1_2&#8243; _builder_version=&#8221;4.14.6&#8243; _module_preset=&#8221;default&#8221; global_colors_info=&#8221;{}&#8221;][et_pb_text _builder_version=&#8221;4.14.6&#8243; _module_preset=&#8221;77d11305-b6a8-44ad-9851-05a9db4e2d24&#8243; custom_margin_tablet=&#8221;||25px||false|false&#8221; custom_margin_phone=&#8221;||25px||false|false&#8221; custom_margin_last_edited=&#8221;on|desktop&#8221; header_5_font_size_tablet=&#8221;24px&#8221; header_5_font_size_phone=&#8221;24px&#8221; header_5_font_size_last_edited=&#8221;on|tablet&#8221; global_colors_info=&#8221;{}&#8221;]<\/p>\n<p>El Centro de Investigaci\u00f3n en Artritis y Osteoporosis S.C. est\u00e1 ubicado en la ciudad de Mexicali, Baja California, M\u00e9xico, estamos dedicados a realizar Estudios de Investigaci\u00f3n Cl\u00ednica en el campo de las Enfermedades Reum\u00e1ticas y las Enfermedades \u00d3seas Metab\u00f3licas. Desde el a\u00f1o 1986 iniciamos el desarrollo de protocolos de investigaci\u00f3n cl\u00ednica fase II, III y IV con la industria farmac\u00e9utica.<\/p>\n<p>&nbsp;<\/p>\n<h5>En el CIAO contamos con la Cl\u00ednica de Artritis y Osteoporosis fundada en el a\u00f1o <strong>1993<\/strong> por el Dr. Francisco Fidencio Cons Molina, m\u00e9dico especialista en Reumatolog\u00eda con m\u00e1s de 30 a\u00f1os de experiencia cl\u00ednica.<\/h5>\n<p>[\/et_pb_text][\/et_pb_column][\/et_pb_row][\/et_pb_section][et_pb_section fb_built=&#8221;1&#8243; _builder_version=&#8221;4.14.6&#8243; _module_preset=&#8221;default&#8221; use_background_color_gradient=&#8221;on&#8221; background_color_gradient_start=&#8221;#008cb7&#8243; background_color_gradient_end=&#8221;#00546e&#8221; background_enable_image=&#8221;off&#8221; width_tablet=&#8221;&#8221; width_phone=&#8221;&#8221; width_last_edited=&#8221;on|desktop&#8221; min_height_tablet=&#8221;&#8221; min_height_phone=&#8221;&#8221; min_height_last_edited=&#8221;on|phone&#8221; max_height_tablet=&#8221;&#8221; max_height_phone=&#8221;&#8221; max_height_last_edited=&#8221;on|desktop&#8221; global_colors_info=&#8221;{}&#8221; width__hover_enabled=&#8221;on|desktop&#8221;][et_pb_row column_structure=&#8221;1_2,1_2&#8243; use_custom_gutter=&#8221;on&#8221; _builder_version=&#8221;4.14.6&#8243; _module_preset=&#8221;default&#8221; width_tablet=&#8221;&#8221; width_phone=&#8221;92%&#8221; width_last_edited=&#8221;on|phone&#8221; global_colors_info=&#8221;{}&#8221;][et_pb_column type=&#8221;1_2&#8243; disabled_on=&#8221;off|off|off&#8221; _builder_version=&#8221;4.14.6&#8243; _module_preset=&#8221;default&#8221; global_colors_info=&#8221;{}&#8221;][et_pb_image src=&#8221;https:\/\/osteomed.mx\/ciao\/wp-content\/uploads\/somos\/quienessomos-2.png&#8221; title_text=&#8221;quienessomos-2&#8243; align=&#8221;center&#8221; _builder_version=&#8221;4.14.6&#8243; _module_preset=&#8221;default&#8221; global_colors_info=&#8221;{}&#8221;][\/et_pb_image][et_pb_text _builder_version=&#8221;4.14.6&#8243; _module_preset=&#8221;77d11305-b6a8-44ad-9851-05a9db4e2d24&#8243; text_text_color=&#8221;#FFFFFF&#8221; text_font_size=&#8221;26px&#8221; text_line_height=&#8221;1.4em&#8221; header_text_color=&#8221;#FFFFFF&#8221; header_3_font=&#8221;|800|||||||&#8221; header_4_text_align=&#8221;left&#8221; header_4_line_height=&#8221;1.6em&#8221; text_orientation=&#8221;center&#8221; custom_margin=&#8221;||||false|false&#8221; custom_margin_tablet=&#8221;||||false|false&#8221; custom_margin_phone=&#8221;60px||||false|false&#8221; custom_margin_last_edited=&#8221;on|desktop&#8221; animation_style=&#8221;fade&#8221; text_font_size_phone=&#8221;20px&#8221; global_colors_info=&#8221;{}&#8221;]<\/p>\n<p>Director General<br \/><strong>Dr. Francisco Fidencio Cons Molina<\/strong><br \/>Reumat\u00f3logo.<\/p>\n<p>[\/et_pb_text][\/et_pb_column][et_pb_column type=&#8221;1_2&#8243; disabled_on=&#8221;off|off|off&#8221; _builder_version=&#8221;4.14.6&#8243; _module_preset=&#8221;default&#8221; global_colors_info=&#8221;{}&#8221;][et_pb_text _builder_version=&#8221;4.14.6&#8243; _module_preset=&#8221;77d11305-b6a8-44ad-9851-05a9db4e2d24&#8243; header_text_color=&#8221;#FFFFFF&#8221; header_3_font=&#8221;|800|||||||&#8221; header_4_text_align=&#8221;left&#8221; header_4_font_size=&#8221;26px&#8221; header_4_line_height=&#8221;1.6em&#8221; custom_margin_tablet=&#8221;&#8221; custom_margin_phone=&#8221;25px||||false|false&#8221; custom_margin_last_edited=&#8221;on|phone&#8221; animation_style=&#8221;fade&#8221; header_font_size_tablet=&#8221;&#8221; header_font_size_phone=&#8221;40px&#8221; header_font_size_last_edited=&#8221;on|phone&#8221; header_4_font_size_tablet=&#8221;22px&#8221; header_4_font_size_phone=&#8221;19px&#8221; header_4_font_size_last_edited=&#8221;on|phone&#8221; global_colors_info=&#8221;{}&#8221;]<\/p>\n<h1>Nuestro Equipo<\/h1>\n<p>&nbsp;<\/p>\n<h4>Somos un equipo multidisciplinario, con experiencia en diferentes campos. Todos nuestros M\u00e9dicos Investigadores est\u00e1n altamente comprometidos con la conducci\u00f3n de los estudios. Contamos con m\u00e9dicos en las siguientes \u00e1reas terap\u00e9uticas.<\/h4>\n<p>&nbsp;<\/p>\n<p>[\/et_pb_text][\/et_pb_column][\/et_pb_row][\/et_pb_section][et_pb_section fb_built=&#8221;1&#8243; _builder_version=&#8221;4.14.6&#8243; _module_preset=&#8221;default&#8221; background_color=&#8221;RGBA(255,255,255,0)&#8221; use_background_color_gradient=&#8221;on&#8221; background_color_gradient_start=&#8221;rgba(255,255,255,0.23)&#8221; background_color_gradient_end=&#8221;rgba(255,255,255,0.5)&#8221; background_color_gradient_type=&#8221;radial&#8221; background_color_gradient_overlays_image=&#8221;on&#8221; background_image=&#8221;https:\/\/osteomed.mx\/ciao\/wp-content\/uploads\/somos\/quienessomos-3.jpg&#8221; background_position=&#8221;center_right&#8221; custom_padding=&#8221;||||false|false&#8221; global_colors_info=&#8221;{}&#8221;][et_pb_row column_structure=&#8221;1_2,1_2&#8243; _builder_version=&#8221;4.14.6&#8243; _module_preset=&#8221;default&#8221; global_colors_info=&#8221;{}&#8221;][et_pb_column type=&#8221;1_2&#8243; _builder_version=&#8221;4.14.6&#8243; _module_preset=&#8221;default&#8221; global_colors_info=&#8221;{}&#8221;][et_pb_text _builder_version=&#8221;4.14.6&#8243; _module_preset=&#8221;default&#8221; text_text_color=&#8221;#161616&#8243; text_font_size=&#8221;22px&#8221; text_line_height=&#8221;1.2em&#8221; header_6_font=&#8221;|800|||||||&#8221; header_6_text_color=&#8221;#007ca2&#8243; header_6_font_size=&#8221;22px&#8221; header_6_line_height=&#8221;2em&#8221; global_colors_info=&#8221;{}&#8221;]<\/p>\n<h6><strong>Nefrolog\u00eda<\/strong><\/h6>\n<p>Dr. Edgar Allan Castillo L\u00f3pez<\/p>\n<h6><strong>Oncolog\u00eda<\/strong><\/h6>\n<p>Dr. Alexandro Mart\u00ednez Garc\u00eda<\/p>\n<p>Dra. Her\u00e9ndira Guzm\u00e1n J\u00e1come<\/p>\n<h6><strong>Endocrinolog\u00eda<\/strong><\/h6>\n<p>Dr. Francisco Javier L\u00f3pez Maldonado<\/p>\n<h6><strong>Reumatolog\u00eda<\/strong><\/h6>\n<p>Dr. Francisco Fidencio Cons Molina<\/p>\n<p>Dra. Desir\u00e9e Sep\u00falveda Aldana<\/p>\n<p>Dra. Grissel Espericueta Arriola<\/p>\n<h6><strong>Neum\u00f3logo<\/strong><\/h6>\n<p>Dr. Omar Ceballos Z\u00fa\u00f1iga<\/p>\n<p>[\/et_pb_text][\/et_pb_column][et_pb_column type=&#8221;1_2&#8243; _builder_version=&#8221;4.14.6&#8243; _module_preset=&#8221;default&#8221; global_colors_info=&#8221;{}&#8221;][\/et_pb_column][\/et_pb_row][\/et_pb_section]<\/p>\n","protected":false},"excerpt":{"rendered":"<p>\u00bfQui\u00e9nes Somos?El Centro de Investigaci\u00f3n en Artritis y Osteoporosis S.C. est\u00e1 ubicado en la ciudad de Mexicali, Baja California, M\u00e9xico, estamos dedicados a realizar Estudios de Investigaci\u00f3n Cl\u00ednica en el campo de las Enfermedades Reum\u00e1ticas y las Enfermedades \u00d3seas Metab\u00f3licas. Desde el a\u00f1o 1986 iniciamos el desarrollo de protocolos de investigaci\u00f3n cl\u00ednica fase II, III [&hellip;]<\/p>\n","protected":false},"author":1,"featured_media":0,"parent":0,"menu_order":0,"comment_status":"closed","ping_status":"closed","template":"","meta":{"_et_pb_use_builder":"on","_et_pb_old_content":"","_et_gb_content_width":"","footnotes":""},"class_list":["post-275","page","type-page","status-publish","hentry"],"_links":{"self":[{"href":"https:\/\/osteomed.mx\/ciao\/index.php\/wp-json\/wp\/v2\/pages\/275","targetHints":{"allow":["GET"]}}],"collection":[{"href":"https:\/\/osteomed.mx\/ciao\/index.php\/wp-json\/wp\/v2\/pages"}],"about":[{"href":"https:\/\/osteomed.mx\/ciao\/index.php\/wp-json\/wp\/v2\/types\/page"}],"author":[{"embeddable":true,"href":"https:\/\/osteomed.mx\/ciao\/index.php\/wp-json\/wp\/v2\/users\/1"}],"replies":[{"embeddable":true,"href":"https:\/\/osteomed.mx\/ciao\/index.php\/wp-json\/wp\/v2\/comments?post=275"}],"version-history":[{"count":40,"href":"https:\/\/osteomed.mx\/ciao\/index.php\/wp-json\/wp\/v2\/pages\/275\/revisions"}],"predecessor-version":[{"id":1011,"href":"https:\/\/osteomed.mx\/ciao\/index.php\/wp-json\/wp\/v2\/pages\/275\/revisions\/1011"}],"wp:attachment":[{"href":"https:\/\/osteomed.mx\/ciao\/index.php\/wp-json\/wp\/v2\/media?parent=275"}],"curies":[{"name":"wp","href":"https:\/\/api.w.org\/{rel}","templated":true}]}}