{"id":2,"date":"2022-01-16T20:30:59","date_gmt":"2022-01-16T20:30:59","guid":{"rendered":"https:\/\/osteomed.mx\/ciao\/?page_id=2"},"modified":"2024-05-15T23:02:33","modified_gmt":"2024-05-15T23:02:33","slug":"portada","status":"publish","type":"page","link":"https:\/\/osteomed.mx\/ciao\/","title":{"rendered":"Portada"},"content":{"rendered":"<p>[et_pb_section fb_built=&#8221;1&#8243; _builder_version=&#8221;4.16&#8243; _module_preset=&#8221;default&#8221; custom_margin=&#8221;0px||0px||false|false&#8221; custom_padding=&#8221;0px||0px||false|false&#8221; global_colors_info=&#8221;{}&#8221;][et_pb_row _builder_version=&#8221;4.16&#8243; _module_preset=&#8221;default&#8221; width_tablet=&#8221;&#8221; width_phone=&#8221;96%&#8221; width_last_edited=&#8221;on|phone&#8221; custom_margin=&#8221;||0px||false|false&#8221; custom_padding=&#8221;||0px||false|false&#8221; global_colors_info=&#8221;{}&#8221;][et_pb_column type=&#8221;4_4&#8243; _builder_version=&#8221;4.16&#8243; _module_preset=&#8221;default&#8221; global_colors_info=&#8221;{}&#8221;][et_pb_text _builder_version=&#8221;4.16&#8243; _module_preset=&#8221;default&#8221; header_3_font_size=&#8221;23px&#8221; header_3_line_height=&#8221;1.6em&#8221; header_3_font_tablet=&#8221;&#8221; header_3_font_phone=&#8221;&#8221; header_3_font_last_edited=&#8221;on|phone&#8221; header_3_font_size_phone=&#8221;20px&#8221; global_colors_info=&#8221;{}&#8221;]<\/p>\n<h1>Bienvenidos<\/h1>\n<h2>Centro de Investigaci\u00f3n en Artritis y Osteoporosis, S.C.<\/h2>\n<h3>Mexicali, Baja California. M\u00e9xico.<\/h3>\n<p>&nbsp;<\/p>\n<p>[\/et_pb_text][\/et_pb_column][\/et_pb_row][\/et_pb_section][et_pb_section fb_built=&#8221;1&#8243; fullwidth=&#8221;on&#8221; _builder_version=&#8221;4.16&#8243; _module_preset=&#8221;default&#8221; background_color=&#8221;#FFFFFF&#8221; animation_style=&#8221;fade&#8221; global_colors_info=&#8221;{}&#8221;][et_pb_fullwidth_image src=&#8221;https:\/\/osteomed.mx\/ciao\/wp-content\/uploads\/portada\/slide-1-e1642562019170.jpg&#8221; title_text=&#8221;slide-1&#8243; _builder_version=&#8221;4.16&#8243; _module_preset=&#8221;default&#8221; global_colors_info=&#8221;{}&#8221;][\/et_pb_fullwidth_image][\/et_pb_section][et_pb_section fb_built=&#8221;1&#8243; _builder_version=&#8221;4.16&#8243; _module_preset=&#8221;default&#8221; background_enable_color=&#8221;off&#8221; use_background_color_gradient=&#8221;on&#8221; background_color_gradient_type=&#8221;circular&#8221; background_color_gradient_stops=&#8221;#ffffff 0%|rgba(0,0,0,0) 30%&#8221; background_color_gradient_overlays_image=&#8221;on&#8221; background_color_gradient_start=&#8221;#ffffff&#8221; background_color_gradient_end=&#8221;rgba(0,0,0,0)&#8221; background_color_gradient_end_position=&#8221;30%&#8221; background_image=&#8221;https:\/\/osteomed.mx\/ciao\/wp-content\/uploads\/portada\/portada-1.jpg&#8221; width_tablet=&#8221;&#8221; width_phone=&#8221;&#8221; width_last_edited=&#8221;on|desktop&#8221; min_height=&#8221;670px&#8221; min_height_tablet=&#8221;670px&#8221; min_height_phone=&#8221;200px&#8221; min_height_last_edited=&#8221;on|phone&#8221; max_height_tablet=&#8221;400px&#8221; max_height_phone=&#8221;400px&#8221; max_height_last_edited=&#8221;on|desktop&#8221; background_last_edited=&#8221;on|desktop&#8221; background_color_gradient_stops_phone=&#8221;#ffffff 0%|rgba(0,0,0,0) 50%&#8221; background_color_gradient_end_position_phone=&#8221;50%&#8221; global_colors_info=&#8221;{}&#8221; width__hover_enabled=&#8221;on|desktop&#8221;][et_pb_row column_structure=&#8221;3_5,2_5&#8243; _builder_version=&#8221;4.16&#8243; _module_preset=&#8221;default&#8221; width_tablet=&#8221;&#8221; width_phone=&#8221;92%&#8221; width_last_edited=&#8221;on|phone&#8221; global_colors_info=&#8221;{}&#8221;][et_pb_column type=&#8221;3_5&#8243; disabled_on=&#8221;on|on|off&#8221; _builder_version=&#8221;4.16&#8243; _module_preset=&#8221;default&#8221; global_colors_info=&#8221;{}&#8221;][\/et_pb_column][et_pb_column type=&#8221;2_5&#8243; _builder_version=&#8221;4.16&#8243; _module_preset=&#8221;default&#8221; global_colors_info=&#8221;{}&#8221;][et_pb_text _builder_version=&#8221;4.16&#8243; _module_preset=&#8221;default&#8221; header_3_font=&#8221;|800|||||||&#8221; header_4_text_color=&#8221;#000000&#8243; header_4_line_height=&#8221;1.6em&#8221; animation_style=&#8221;fade&#8221; global_colors_info=&#8221;{}&#8221;]<\/p>\n<h3>\u00bfC\u00f3mo puedo participar en un protocolo de Investigaci\u00f3n?<\/h3>\n<h4><\/h4>\n<h4>Conoce todas las investigaciones que tenemos actualmente vigentes y las distintas enfermedades que abarcamos. Reg\u00edstrate en los formularios y en breve nos pondremos en contacto contigo.<\/h4>\n<p>&nbsp;<\/p>\n<p>[\/et_pb_text][\/et_pb_column][\/et_pb_row][\/et_pb_section][et_pb_section fb_built=&#8221;1&#8243; _builder_version=&#8221;4.14.6&#8243; _module_preset=&#8221;default&#8221; custom_padding=&#8221;||||false|false&#8221; global_module=&#8221;380&#8243; saved_tabs=&#8221;all&#8221; global_colors_info=&#8221;{}&#8221;][et_pb_row custom_padding_last_edited=&#8221;on|phone&#8221; _builder_version=&#8221;4.16&#8243; _module_preset=&#8221;default&#8221; width_tablet=&#8221;&#8221; width_phone=&#8221;96%&#8221; width_last_edited=&#8221;on|phone&#8221; custom_margin=&#8221;||0px||false|false&#8221; custom_margin_tablet=&#8221;&#8221; custom_margin_phone=&#8221;||0px||false|false&#8221; custom_margin_last_edited=&#8221;on|phone&#8221; custom_padding=&#8221;||||false|false&#8221; custom_padding_tablet=&#8221;||||false|false&#8221; custom_padding_phone=&#8221;||0px||false|false&#8221; global_colors_info=&#8221;{}&#8221;][et_pb_column type=&#8221;4_4&#8243; _builder_version=&#8221;4.16&#8243; _module_preset=&#8221;default&#8221; global_colors_info=&#8221;{}&#8221;][et_pb_text _builder_version=&#8221;4.16&#8243; _module_preset=&#8221;default&#8221; animation_style=&#8221;fade&#8221; global_colors_info=&#8221;{}&#8221;]<\/p>\n<h5>Estudios Cl\u00ednicos <span style=\"color: #000000;\">Activos<\/span><\/h5>\n<h3><em><span style=\"color: #000000;\">2024<\/span><\/em><\/h3>\n<p>&nbsp;<\/p>\n<p>[\/et_pb_text][\/et_pb_column][\/et_pb_row][et_pb_row column_structure=&#8221;1_3,1_3,1_3&#8243; custom_padding_last_edited=&#8221;on|phone&#8221; _builder_version=&#8221;4.16&#8243; _module_preset=&#8221;default&#8221; width_tablet=&#8221;&#8221; width_phone=&#8221;96%&#8221; width_last_edited=&#8221;on|phone&#8221; custom_margin_tablet=&#8221;&#8221; custom_margin_phone=&#8221;0px||||false|false&#8221; custom_margin_last_edited=&#8221;on|phone&#8221; custom_padding=&#8221;0px||||false|false&#8221; custom_padding_tablet=&#8221;&#8221; custom_padding_phone=&#8221;0px||||false|false&#8221; global_colors_info=&#8221;{}&#8221;][et_pb_column type=&#8221;1_3&#8243; _builder_version=&#8221;4.16&#8243; _module_preset=&#8221;default&#8221; animation_style=&#8221;fold&#8221; animation_delay=&#8221;250ms&#8221; global_colors_info=&#8221;{}&#8221;][et_pb_blurb title=&#8221;Apnea del sue\u00f1o para pacientes con Sobrepeso Obesidad y con Diabetes Mellitus Tipo 2&#8243; image=&#8221;https:\/\/osteomed.mx\/ciao\/wp-content\/uploads\/2024\/02\/Apnea-del-sueno-para-pacientes-con-SobrepesoObesidad-y-con-Diabetes-Mellitus-Tipo-2-portada.png&#8221; image_icon_width=&#8221;100%&#8221; _builder_version=&#8221;4.16&#8243; _dynamic_attributes=&#8221;link_option_url&#8221; _module_preset=&#8221;default&#8221; header_level=&#8221;h1&#8243; header_font=&#8221;|800|||||||&#8221; header_text_align=&#8221;center&#8221; header_text_color=&#8221;#000000&#8243; link_option_url=&#8221;@ET-DC@eyJkeW5hbWljIjp0cnVlLCJjb250ZW50IjoicG9zdF9saW5rX3VybF9wYWdlIiwic2V0dGluZ3MiOnsicG9zdF9pZCI6Ijg3NyJ9fQ==@&#8221; global_colors_info=&#8221;{}&#8221;][\/et_pb_blurb][et_pb_button button_url=&#8221;https:\/\/docs.google.com\/forms\/d\/e\/1FAIpQLSe-MYVog2bDZrmTv_CzQCzVCr6n-FE9ms_lPNsRQhoSoj0Xrw\/viewform&#8221; url_new_window=&#8221;on&#8221; button_text=&#8221;Acceso al Cuestionario&#8221; button_alignment=&#8221;center&#8221; _builder_version=&#8221;4.25.1&#8243; _module_preset=&#8221;default&#8221; custom_button=&#8221;on&#8221; button_text_color=&#8221;#FFFFFF&#8221; button_bg_color=&#8221;#25d366&#8243; button_border_color=&#8221;#007CA2&#8243; custom_margin=&#8221;60px||||false|false&#8221; custom_margin_tablet=&#8221;10px||||false|false&#8221; custom_margin_phone=&#8221;&#8221; custom_margin_last_edited=&#8221;on|desktop&#8221; global_colors_info=&#8221;{}&#8221;][\/et_pb_button][\/et_pb_column][et_pb_column type=&#8221;1_3&#8243; _builder_version=&#8221;4.16&#8243; _module_preset=&#8221;default&#8221; animation_style=&#8221;fold&#8221; animation_delay=&#8221;750ms&#8221; global_colors_info=&#8221;{}&#8221;][et_pb_blurb title=&#8221;Apnea del sue\u00f1o para pacientes con Obesidad y sin Diabetes Mellitus, con IMC mayor a 35&#8243; image=&#8221;https:\/\/osteomed.mx\/ciao\/wp-content\/uploads\/2024\/05\/apnea-sueno-para-pacientes-con-obesidad-sin-diabetes-portada.png&#8221; image_icon_width=&#8221;100%&#8221; _builder_version=&#8221;4.16&#8243; _module_preset=&#8221;default&#8221; header_level=&#8221;h1&#8243; header_font=&#8221;|800|||||||&#8221; header_text_align=&#8221;center&#8221; header_text_color=&#8221;#000000&#8243; link_option_url=&#8221;https:\/\/osteomed.mx\/ciao\/index.php\/apnea-del-sueno-para-pacientes-con-obesidad-y-sin-diabetes-mellitus-tipo-2-con-imc-mayor-a-35\/&#8221; global_colors_info=&#8221;{}&#8221;][\/et_pb_blurb][et_pb_button button_url=&#8221;https:\/\/docs.google.com\/forms\/d\/1w2f08aQmoowjSEGRcYBKBWXfOGiI06rFd5lp_k5BntA\/edit&#8221; url_new_window=&#8221;on&#8221; button_text=&#8221;Acceso al Cuestionario&#8221; button_alignment=&#8221;center&#8221; _builder_version=&#8221;4.16&#8243; _module_preset=&#8221;default&#8221; custom_button=&#8221;on&#8221; button_text_color=&#8221;#FFFFFF&#8221; button_bg_color=&#8221;#25d366&#8243; button_border_color=&#8221;#007CA2&#8243; global_colors_info=&#8221;{}&#8221;][\/et_pb_button][\/et_pb_column][et_pb_column type=&#8221;1_3&#8243; _builder_version=&#8221;4.16&#8243; _module_preset=&#8221;default&#8221; global_colors_info=&#8221;{}&#8221;][et_pb_blurb title=&#8221;Osteoartritis de Rodilla para pacientes con Obesidad y sin Diabetes Mellitus, con IMC mayor a 35&#8243; image=&#8221;https:\/\/osteomed.mx\/ciao\/wp-content\/uploads\/2024\/05\/osteoartritis-de-rodilla-con-obesidad-y-sin-diabetes-portada.png&#8221; image_icon_width=&#8221;100%&#8221; _builder_version=&#8221;4.16&#8243; _module_preset=&#8221;default&#8221; header_level=&#8221;h1&#8243; header_font=&#8221;|800|||||||&#8221; header_text_align=&#8221;center&#8221; header_text_color=&#8221;#000000&#8243; link_option_url=&#8221;https:\/\/osteomed.mx\/ciao\/index.php\/osteoartritis-de-rodilla-para-pacientes-con-obesidad-y-sin-diabetes-mellitus-tipo-2-con-imc-mayor-a-35\/&#8221; global_colors_info=&#8221;{}&#8221; title__hover_enabled=&#8221;on|desktop&#8221; title__hover=&#8221;Osteoartritis de Rodilla para pacientes con Obesidad y sin Diabetes Mellitus, con IMC mayor a 35&#8243;][\/et_pb_blurb][et_pb_button button_url=&#8221;https:\/\/docs.google.com\/forms\/d\/14T8D9tRU1duN9Cc47cmoj5QZw4ZqOiBegPwaEdjtsaQ\/edit&#8221; url_new_window=&#8221;on&#8221; button_text=&#8221;Acceso al Cuestionario&#8221; button_alignment=&#8221;center&#8221; _builder_version=&#8221;4.16&#8243; _module_preset=&#8221;default&#8221; custom_button=&#8221;on&#8221; button_text_color=&#8221;#FFFFFF&#8221; button_bg_color=&#8221;#25d366&#8243; button_border_color=&#8221;#007CA2&#8243; global_colors_info=&#8221;{}&#8221;][\/et_pb_button][\/et_pb_column][\/et_pb_row][\/et_pb_section]<\/p>\n","protected":false},"excerpt":{"rendered":"<p>Bienvenidos Centro de Investigaci\u00f3n en Artritis y Osteoporosis, S.C. Mexicali, Baja California. M\u00e9xico. &nbsp;\u00bfC\u00f3mo puedo participar en un protocolo de Investigaci\u00f3n? Conoce todas las investigaciones que tenemos actualmente vigentes y las distintas enfermedades que abarcamos. Reg\u00edstrate en los formularios y en breve nos pondremos en contacto contigo. &nbsp;Estudios Cl\u00ednicos Activos 2024 &nbsp;<\/p>\n","protected":false},"author":1,"featured_media":0,"parent":0,"menu_order":0,"comment_status":"closed","ping_status":"closed","template":"","meta":{"_et_pb_use_builder":"on","_et_pb_old_content":"","_et_gb_content_width":"","footnotes":""},"class_list":["post-2","page","type-page","status-publish","hentry"],"_links":{"self":[{"href":"https:\/\/osteomed.mx\/ciao\/index.php\/wp-json\/wp\/v2\/pages\/2","targetHints":{"allow":["GET"]}}],"collection":[{"href":"https:\/\/osteomed.mx\/ciao\/index.php\/wp-json\/wp\/v2\/pages"}],"about":[{"href":"https:\/\/osteomed.mx\/ciao\/index.php\/wp-json\/wp\/v2\/types\/page"}],"author":[{"embeddable":true,"href":"https:\/\/osteomed.mx\/ciao\/index.php\/wp-json\/wp\/v2\/users\/1"}],"replies":[{"embeddable":true,"href":"https:\/\/osteomed.mx\/ciao\/index.php\/wp-json\/wp\/v2\/comments?post=2"}],"version-history":[{"count":105,"href":"https:\/\/osteomed.mx\/ciao\/index.php\/wp-json\/wp\/v2\/pages\/2\/revisions"}],"predecessor-version":[{"id":1051,"href":"https:\/\/osteomed.mx\/ciao\/index.php\/wp-json\/wp\/v2\/pages\/2\/revisions\/1051"}],"wp:attachment":[{"href":"https:\/\/osteomed.mx\/ciao\/index.php\/wp-json\/wp\/v2\/media?parent=2"}],"curies":[{"name":"wp","href":"https:\/\/api.w.org\/{rel}","templated":true}]}}